{"id":17,"date":"2025-01-17T21:53:11","date_gmt":"2025-01-17T13:53:11","guid":{"rendered":"https:\/\/moonparts.com\/?page_id=17"},"modified":"2025-08-28T21:36:37","modified_gmt":"2025-08-28T13:36:37","slug":"about-us","status":"publish","type":"page","link":"https:\/\/moonparts.com\/pt\/about-us\/","title":{"rendered":"Sobre n\u00f3s"},"content":{"rendered":"<div data-elementor-type=\"wp-page\" data-elementor-id=\"17\" class=\"elementor elementor-17\" data-elementor-post-type=\"page\">\n\t\t\t\t<div class=\"elementor-element elementor-element-b7764c5 e-flex e-con-boxed e-con e-parent\" data-id=\"b7764c5\" data-element_type=\"container\" data-e-type=\"container\" data-settings=\"{&quot;background_background&quot;:&quot;classic&quot;}\">\n\t\t\t\t\t<div class=\"e-con-inner\">\n\t\t<div class=\"elementor-element elementor-element-2d88a42 e-con-full e-flex e-con e-child\" data-id=\"2d88a42\" data-element_type=\"container\" data-e-type=\"container\">\n\t\t<div class=\"elementor-element elementor-element-83f5c9e e-con-full e-flex e-con e-child\" data-id=\"83f5c9e\" data-element_type=\"container\" data-e-type=\"container\">\n\t\t\t\t<div class=\"elementor-element elementor-element-8d3150f elementor-widget elementor-widget-heading\" data-id=\"8d3150f\" data-element_type=\"widget\" data-e-type=\"widget\" data-widget_type=\"heading.default\">\n\t\t\t\t<div class=\"elementor-widget-container\">\n\t\t\t\t\t<h2 class=\"elementor-heading-title elementor-size-default\">Quem \u00e9 MoonParts.com?<\/h2>\t\t\t\t<\/div>\n\t\t\t\t<\/div>\n\t\t\t\t<div class=\"elementor-element elementor-element-e3a4c4a elementor-widget elementor-widget-text-editor\" data-id=\"e3a4c4a\" data-element_type=\"widget\" data-e-type=\"widget\" data-widget_type=\"text-editor.default\">\n\t\t\t\t<div class=\"elementor-widget-container\">\n\t\t\t\t\t\t\t\t\t<p data-start=\"93\" data-end=\"389\">Somos a MoonParts.com, uma equipe de usinagem CNC de precis\u00e3o sediada em Shenzhen, China. Desde 2015, nos dedicamos \u00e0 fabrica\u00e7\u00e3o de pe\u00e7as personalizadas de alta qualidade para clientes globais. Hoje, operamos duas f\u00e1bricas \u2014 uma para torneamento e outra para fresamento \u2014 cada uma com mais de 10 anos de experi\u00eancia pr\u00e1tica.<\/p><p data-start=\"391\" data-end=\"698\">Ao longo dos anos, nossas pe\u00e7as foram exportadas para a Europa, Am\u00e9rica do Norte e outros pa\u00edses por meio de nossos parceiros comerciais, e temos recebido feedback positivo consistente. Muitos de nossos clientes t\u00eam aumentado seus pedidos conosco ano ap\u00f3s ano \u2014 resultado do nosso controle de qualidade confi\u00e1vel e pre\u00e7os altamente competitivos.<\/p><p data-start=\"700\" data-end=\"959\">Recentemente, lan\u00e7amos nossa pr\u00f3pria equipe de com\u00e9rcio internacional, modernizamos nossos equipamentos e contratamos engenheiros mais experientes para fortalecer nossas capacidades. Nosso objetivo \u00e9 trabalhar diretamente com clientes em todo o mundo, tornando a comunica\u00e7\u00e3o mais fluida e a entrega mais r\u00e1pida.<\/p><p data-start=\"961\" data-end=\"1139\">Acreditamos que todo cliente merece um parceiro de usinagem confi\u00e1vel, \u00e1gil e com pre\u00e7os acess\u00edveis. Se \u00e9 isso que voc\u00ea procura, adorar\u00edamos que nos conhecesse.<\/p>\t\t\t\t\t\t\t\t<\/div>\n\t\t\t\t<\/div>\n\t\t\t\t<\/div>\n\t\t<div class=\"elementor-element elementor-element-6fbc53c e-con-full e-flex e-con e-child\" data-id=\"6fbc53c\" data-element_type=\"container\" data-e-type=\"container\">\n\t\t<div class=\"elementor-element elementor-element-26fc1da e-con-full e-flex e-con e-child\" data-id=\"26fc1da\" data-element_type=\"container\" data-e-type=\"container\">\n\t\t<div class=\"elementor-element elementor-element-76c18ac e-con-full e-flex e-con e-child\" data-id=\"76c18ac\" data-element_type=\"container\" data-e-type=\"container\">\n\t\t\t\t<div class=\"elementor-element elementor-element-367340c elementor-widget elementor-widget-image\" data-id=\"367340c\" data-element_type=\"widget\" data-e-type=\"widget\" data-widget_type=\"image.default\">\n\t\t\t\t<div class=\"elementor-widget-container\">\n\t\t\t\t\t\t\t\t\t\t\t\t\t\t\t<img alt=\"\" fetchpriority=\"high\" decoding=\"async\" width=\"800\" height=\"534\" src=\"https:\/\/moonparts.com\/wp-content\/uploads\/2025\/06\/color-anodized-cnc-parts-set.webp\" class=\"attachment-large size-large wp-image-677\" srcset=\"https:\/\/moonparts.com\/wp-content\/uploads\/2025\/06\/color-anodized-cnc-parts-set.webp 1000w, https:\/\/moonparts.com\/wp-content\/uploads\/2025\/06\/color-anodized-cnc-parts-set-300x200.webp 300w, https:\/\/moonparts.com\/wp-content\/uploads\/2025\/06\/color-anodized-cnc-parts-set-768x512.webp 768w\" sizes=\"(max-width: 800px) 100vw, 800px\" \/>\t\t\t\t\t\t\t\t\t\t\t\t\t\t\t<\/div>\n\t\t\t\t<\/div>\n\t\t\t\t<\/div>\n\t\t<div class=\"elementor-element elementor-element-3116fae e-con-full e-flex e-con e-child\" data-id=\"3116fae\" data-element_type=\"container\" data-e-type=\"container\">\n\t\t\t\t<div class=\"elementor-element elementor-element-ba528d4 elementor-widget elementor-widget-image\" data-id=\"ba528d4\" data-element_type=\"widget\" data-e-type=\"widget\" data-widget_type=\"image.default\">\n\t\t\t\t<div class=\"elementor-widget-container\">\n\t\t\t\t\t\t\t\t\t\t\t\t\t\t\t<img alt=\"\" decoding=\"async\" width=\"800\" height=\"534\" src=\"https:\/\/moonparts.com\/wp-content\/uploads\/2025\/06\/moonparts-cnc-turned-parts-1.webp\" class=\"attachment-large size-large wp-image-697\" srcset=\"https:\/\/moonparts.com\/wp-content\/uploads\/2025\/06\/moonparts-cnc-turned-parts-1.webp 1000w, https:\/\/moonparts.com\/wp-content\/uploads\/2025\/06\/moonparts-cnc-turned-parts-1-300x200.webp 300w, https:\/\/moonparts.com\/wp-content\/uploads\/2025\/06\/moonparts-cnc-turned-parts-1-768x512.webp 768w\" sizes=\"(max-width: 800px) 100vw, 800px\" \/>\t\t\t\t\t\t\t\t\t\t\t\t\t\t\t<\/div>\n\t\t\t\t<\/div>\n\t\t\t\t<\/div>\n\t\t\t\t<\/div>\n\t\t<div class=\"elementor-element elementor-element-f4544ea e-con-full e-flex e-con e-child\" data-id=\"f4544ea\" data-element_type=\"container\" data-e-type=\"container\">\n\t\t<div class=\"elementor-element elementor-element-a1d584f e-con-full e-flex e-con e-child\" data-id=\"a1d584f\" data-element_type=\"container\" data-e-type=\"container\">\n\t\t\t\t<div class=\"elementor-element elementor-element-3869dd5 elementor-widget elementor-widget-image\" data-id=\"3869dd5\" data-element_type=\"widget\" data-e-type=\"widget\" data-widget_type=\"image.default\">\n\t\t\t\t<div class=\"elementor-widget-container\">\n\t\t\t\t\t\t\t\t\t\t\t\t\t\t\t<img alt=\"\" decoding=\"async\" width=\"800\" height=\"534\" src=\"https:\/\/moonparts.com\/wp-content\/uploads\/2025\/06\/custom-cnc-lathe-stainless-turned-parts.webp\" class=\"attachment-large size-large wp-image-690\" srcset=\"https:\/\/moonparts.com\/wp-content\/uploads\/2025\/06\/custom-cnc-lathe-stainless-turned-parts.webp 1000w, https:\/\/moonparts.com\/wp-content\/uploads\/2025\/06\/custom-cnc-lathe-stainless-turned-parts-300x200.webp 300w, https:\/\/moonparts.com\/wp-content\/uploads\/2025\/06\/custom-cnc-lathe-stainless-turned-parts-768x512.webp 768w\" sizes=\"(max-width: 800px) 100vw, 800px\" \/>\t\t\t\t\t\t\t\t\t\t\t\t\t\t\t<\/div>\n\t\t\t\t<\/div>\n\t\t\t\t<\/div>\n\t\t<div class=\"elementor-element elementor-element-1c2c5c7 e-con-full e-flex e-con e-child\" data-id=\"1c2c5c7\" data-element_type=\"container\" data-e-type=\"container\">\n\t\t\t\t<div class=\"elementor-element elementor-element-585b5c5 elementor-widget elementor-widget-image\" data-id=\"585b5c5\" data-element_type=\"widget\" data-e-type=\"widget\" data-widget_type=\"image.default\">\n\t\t\t\t<div class=\"elementor-widget-container\">\n\t\t\t\t\t\t\t\t\t\t\t\t\t\t\t<img alt=\"\" loading=\"lazy\" decoding=\"async\" width=\"800\" height=\"534\" src=\"https:\/\/moonparts.com\/wp-content\/uploads\/2025\/06\/cnc-machined-metal-and-coated-parts.webp\" class=\"attachment-large size-large wp-image-681\" srcset=\"https:\/\/moonparts.com\/wp-content\/uploads\/2025\/06\/cnc-machined-metal-and-coated-parts.webp 1000w, https:\/\/moonparts.com\/wp-content\/uploads\/2025\/06\/cnc-machined-metal-and-coated-parts-300x200.webp 300w, https:\/\/moonparts.com\/wp-content\/uploads\/2025\/06\/cnc-machined-metal-and-coated-parts-768x512.webp 768w\" sizes=\"(max-width: 800px) 100vw, 800px\" \/>\t\t\t\t\t\t\t\t\t\t\t\t\t\t\t<\/div>\n\t\t\t\t<\/div>\n\t\t\t\t<\/div>\n\t\t\t\t<\/div>\n\t\t\t\t<\/div>\n\t\t\t\t<\/div>\n\t\t\t\t\t<\/div>\n\t\t\t\t<\/div>\n\t\t<div class=\"elementor-element elementor-element-d53f19f e-flex e-con-boxed e-con e-parent\" data-id=\"d53f19f\" data-element_type=\"container\" data-e-type=\"container\">\n\t\t\t\t\t<div class=\"e-con-inner\">\n\t\t<div class=\"elementor-element elementor-element-c2829f5 e-con-full e-flex e-con e-child\" data-id=\"c2829f5\" data-element_type=\"container\" data-e-type=\"container\">\n\t\t<div class=\"elementor-element elementor-element-69af7e2 e-con-full e-flex e-con e-child\" data-id=\"69af7e2\" data-element_type=\"container\" data-e-type=\"container\">\n\t\t\t\t<div class=\"elementor-element elementor-element-7478df6 elementor-widget elementor-widget-heading\" data-id=\"7478df6\" data-element_type=\"widget\" data-e-type=\"widget\" data-widget_type=\"heading.default\">\n\t\t\t\t<div class=\"elementor-widget-container\">\n\t\t\t\t\t<h2 class=\"elementor-heading-title elementor-size-default\">N\u00fameros dos quais nos orgulhamos<\/h2>\t\t\t\t<\/div>\n\t\t\t\t<\/div>\n\t\t\t\t<div class=\"elementor-element elementor-element-69459d6 elementor-widget elementor-widget-text-editor\" data-id=\"69459d6\" data-element_type=\"widget\" data-e-type=\"widget\" data-widget_type=\"text-editor.default\">\n\t\t\t\t<div class=\"elementor-widget-container\">\n\t\t\t\t\t\t\t\t\t<p data-start=\"554\" data-end=\"815\">Podemos ser novos no mercado internacional, mas n\u00e3o somos novos na fabrica\u00e7\u00e3o de precis\u00e3o. Com mais de uma d\u00e9cada de experi\u00eancia pr\u00e1tica, duas f\u00e1bricas totalmente equipadas e uma crescente base de clientes globais, temos orgulho do que constru\u00edmos \u2014 e estamos animados com o que est\u00e1 por vir.<\/p><p data-start=\"817\" data-end=\"1018\">Esses n\u00fameros refletem n\u00e3o apenas o que fizemos, mas tamb\u00e9m a confian\u00e7a que nossos clientes depositaram em n\u00f3s. Se voc\u00ea busca um parceiro de fabrica\u00e7\u00e3o confi\u00e1vel e de longo prazo, adorar\u00edamos nos conectar e crescer juntos.<\/p>\t\t\t\t\t\t\t\t<\/div>\n\t\t\t\t<\/div>\n\t\t<div class=\"elementor-element elementor-element-1d6d4fa e-con-full e-flex e-con e-child\" data-id=\"1d6d4fa\" data-element_type=\"container\" data-e-type=\"container\">\n\t\t<div class=\"elementor-element elementor-element-4cc709f e-con-full e-flex e-con e-child\" data-id=\"4cc709f\" data-element_type=\"container\" data-e-type=\"container\">\n\t\t\t\t<div class=\"elementor-element elementor-element-ea4bbeb elementor-widget elementor-widget-text-editor\" data-id=\"ea4bbeb\" data-element_type=\"widget\" data-e-type=\"widget\" data-widget_type=\"text-editor.default\">\n\t\t\t\t<div class=\"elementor-widget-container\">\n\t\t\t\t\t\t\t\t\t<p>2<\/p>\t\t\t\t\t\t\t\t<\/div>\n\t\t\t\t<\/div>\n\t\t\t\t<div class=\"elementor-element elementor-element-701bad9 elementor-widget elementor-widget-text-editor\" data-id=\"701bad9\" data-element_type=\"widget\" data-e-type=\"widget\" data-widget_type=\"text-editor.default\">\n\t\t\t\t<div class=\"elementor-widget-container\">\n\t\t\t\t\t\t\t\t\t<p>F\u00e1bricas<\/p>\t\t\t\t\t\t\t\t<\/div>\n\t\t\t\t<\/div>\n\t\t\t\t<\/div>\n\t\t<div class=\"elementor-element elementor-element-f78d7ff e-con-full e-flex e-con e-child\" data-id=\"f78d7ff\" data-element_type=\"container\" data-e-type=\"container\">\n\t\t\t\t<div class=\"elementor-element elementor-element-d25430b elementor-widget elementor-widget-text-editor\" data-id=\"d25430b\" data-element_type=\"widget\" data-e-type=\"widget\" data-widget_type=\"text-editor.default\">\n\t\t\t\t<div class=\"elementor-widget-container\">\n\t\t\t\t\t\t\t\t\t<p>10+<\/p>\t\t\t\t\t\t\t\t<\/div>\n\t\t\t\t<\/div>\n\t\t\t\t<div class=\"elementor-element elementor-element-15c0626 elementor-widget elementor-widget-text-editor\" data-id=\"15c0626\" data-element_type=\"widget\" data-e-type=\"widget\" data-widget_type=\"text-editor.default\">\n\t\t\t\t<div class=\"elementor-widget-container\">\n\t\t\t\t\t\t\t\t\t<p>Anos de idade<\/p>\t\t\t\t\t\t\t\t<\/div>\n\t\t\t\t<\/div>\n\t\t\t\t<\/div>\n\t\t<div class=\"elementor-element elementor-element-a6ecf2e e-con-full e-flex e-con e-child\" data-id=\"a6ecf2e\" data-element_type=\"container\" data-e-type=\"container\">\n\t\t\t\t<div class=\"elementor-element elementor-element-8a201bd elementor-widget elementor-widget-text-editor\" data-id=\"8a201bd\" data-element_type=\"widget\" data-e-type=\"widget\" data-widget_type=\"text-editor.default\">\n\t\t\t\t<div class=\"elementor-widget-container\">\n\t\t\t\t\t\t\t\t\t<p>1000+<\/p>\t\t\t\t\t\t\t\t<\/div>\n\t\t\t\t<\/div>\n\t\t\t\t<div class=\"elementor-element elementor-element-537d42f elementor-widget elementor-widget-text-editor\" data-id=\"537d42f\" data-element_type=\"widget\" data-e-type=\"widget\" data-widget_type=\"text-editor.default\">\n\t\t\t\t<div class=\"elementor-widget-container\">\n\t\t\t\t\t\t\t\t\t<p>Clientes satisfeitos<\/p>\t\t\t\t\t\t\t\t<\/div>\n\t\t\t\t<\/div>\n\t\t\t\t<\/div>\n\t\t\t\t<\/div>\n\t\t<div class=\"elementor-element elementor-element-d12121b e-con-full e-flex e-con e-child\" data-id=\"d12121b\" data-element_type=\"container\" data-e-type=\"container\">\n\t\t<div class=\"elementor-element elementor-element-ae8a324 e-con-full e-flex e-con e-child\" data-id=\"ae8a324\" data-element_type=\"container\" data-e-type=\"container\">\n\t\t\t\t<div class=\"elementor-element elementor-element-3e759a8 elementor-widget elementor-widget-text-editor\" data-id=\"3e759a8\" data-element_type=\"widget\" data-e-type=\"widget\" data-widget_type=\"text-editor.default\">\n\t\t\t\t<div class=\"elementor-widget-container\">\n\t\t\t\t\t\t\t\t\t<p>30+<\/p>\t\t\t\t\t\t\t\t<\/div>\n\t\t\t\t<\/div>\n\t\t\t\t<div class=\"elementor-element elementor-element-9bbcec1 elementor-widget elementor-widget-text-editor\" data-id=\"9bbcec1\" data-element_type=\"widget\" data-e-type=\"widget\" data-widget_type=\"text-editor.default\">\n\t\t\t\t<div class=\"elementor-widget-container\">\n\t\t\t\t\t\t\t\t\t<p>Pa\u00edses atendidos<\/p>\t\t\t\t\t\t\t\t<\/div>\n\t\t\t\t<\/div>\n\t\t\t\t<\/div>\n\t\t<div class=\"elementor-element elementor-element-b350162 e-con-full e-flex e-con e-child\" data-id=\"b350162\" data-element_type=\"container\" data-e-type=\"container\">\n\t\t\t\t<div class=\"elementor-element elementor-element-32ca4a3 elementor-widget elementor-widget-text-editor\" data-id=\"32ca4a3\" data-element_type=\"widget\" data-e-type=\"widget\" data-widget_type=\"text-editor.default\">\n\t\t\t\t<div class=\"elementor-widget-container\">\n\t\t\t\t\t\t\t\t\t<p>10000+<\/p>\t\t\t\t\t\t\t\t<\/div>\n\t\t\t\t<\/div>\n\t\t\t\t<div class=\"elementor-element elementor-element-4152758 elementor-widget elementor-widget-text-editor\" data-id=\"4152758\" data-element_type=\"widget\" data-e-type=\"widget\" data-widget_type=\"text-editor.default\">\n\t\t\t\t<div class=\"elementor-widget-container\">\n\t\t\t\t\t\t\t\t\t<p>Projeto bem-sucedido<\/p>\t\t\t\t\t\t\t\t<\/div>\n\t\t\t\t<\/div>\n\t\t\t\t<\/div>\n\t\t<div class=\"elementor-element elementor-element-a806dfb e-con-full e-flex e-con e-child\" data-id=\"a806dfb\" data-element_type=\"container\" data-e-type=\"container\">\n\t\t\t\t<div class=\"elementor-element elementor-element-d2c5187 elementor-widget elementor-widget-text-editor\" data-id=\"d2c5187\" data-element_type=\"widget\" data-e-type=\"widget\" data-widget_type=\"text-editor.default\">\n\t\t\t\t<div class=\"elementor-widget-container\">\n\t\t\t\t\t\t\t\t\t<p>100+<\/p>\t\t\t\t\t\t\t\t<\/div>\n\t\t\t\t<\/div>\n\t\t\t\t<div class=\"elementor-element elementor-element-92f563d elementor-widget elementor-widget-text-editor\" data-id=\"92f563d\" data-element_type=\"widget\" data-e-type=\"widget\" data-widget_type=\"text-editor.default\">\n\t\t\t\t<div class=\"elementor-widget-container\">\n\t\t\t\t\t\t\t\t\t<p>Funcion\u00e1rios qualificados<\/p>\t\t\t\t\t\t\t\t<\/div>\n\t\t\t\t<\/div>\n\t\t\t\t<\/div>\n\t\t\t\t<\/div>\n\t\t\t\t<\/div>\n\t\t<div class=\"elementor-element elementor-element-3297ecf e-con-full e-flex e-con e-child\" data-id=\"3297ecf\" data-element_type=\"container\" data-e-type=\"container\" data-settings=\"{&quot;background_background&quot;:&quot;classic&quot;}\">\n\t\t\t\t<div class=\"elementor-element elementor-element-8f7efff elementor-widget elementor-widget-image\" data-id=\"8f7efff\" data-element_type=\"widget\" data-e-type=\"widget\" data-widget_type=\"image.default\">\n\t\t\t\t<div class=\"elementor-widget-container\">\n\t\t\t\t\t\t\t\t\t\t\t\t\t\t\t<img alt=\"\" loading=\"lazy\" decoding=\"async\" width=\"800\" height=\"623\" src=\"https:\/\/moonparts.com\/wp-content\/uploads\/2025\/05\/MoonParts-team.jpg\" class=\"attachment-large size-large wp-image-431\" srcset=\"https:\/\/moonparts.com\/wp-content\/uploads\/2025\/05\/MoonParts-team.jpg 1024w, https:\/\/moonparts.com\/wp-content\/uploads\/2025\/05\/MoonParts-team-300x234.jpg 300w, https:\/\/moonparts.com\/wp-content\/uploads\/2025\/05\/MoonParts-team-768x599.jpg 768w\" sizes=\"(max-width: 800px) 100vw, 800px\" \/>\t\t\t\t\t\t\t\t\t\t\t\t\t\t\t<\/div>\n\t\t\t\t<\/div>\n\t\t\t\t<\/div>\n\t\t\t\t<\/div>\n\t\t\t\t\t<\/div>\n\t\t\t\t<\/div>\n\t\t<div class=\"elementor-element elementor-element-30c6ec6 e-flex e-con-boxed e-con e-parent\" data-id=\"30c6ec6\" data-element_type=\"container\" data-e-type=\"container\" data-settings=\"{&quot;background_background&quot;:&quot;classic&quot;}\">\n\t\t\t\t\t<div class=\"e-con-inner\">\n\t\t<div class=\"elementor-element elementor-element-2312a13 e-con-full e-flex e-con e-child\" data-id=\"2312a13\" data-element_type=\"container\" data-e-type=\"container\">\n\t\t<div class=\"elementor-element elementor-element-1cf7f4c e-con-full e-flex e-con e-child\" data-id=\"1cf7f4c\" data-element_type=\"container\" data-e-type=\"container\">\n\t\t\t\t<div class=\"elementor-element elementor-element-93026dc elementor-widget elementor-widget-heading\" data-id=\"93026dc\" data-element_type=\"widget\" data-e-type=\"widget\" data-widget_type=\"heading.default\">\n\t\t\t\t<div class=\"elementor-widget-container\">\n\t\t\t\t\t<h2 class=\"elementor-heading-title elementor-size-default\">Vamos construir suas pe\u00e7as com precis\u00e3o<\/h2>\t\t\t\t<\/div>\n\t\t\t\t<\/div>\n\t\t\t\t<div class=\"elementor-element elementor-element-70ec02e elementor-widget elementor-widget-text-editor\" data-id=\"70ec02e\" data-element_type=\"widget\" data-e-type=\"widget\" data-widget_type=\"text-editor.default\">\n\t\t\t\t<div class=\"elementor-widget-container\">\n\t\t\t\t\t\t\t\t\t<p data-start=\"203\" data-end=\"449\">Com mais de 10 anos de experi\u00eancia em usinagem CNC, 2 f\u00e1bricas internas e mais de 1.000 clientes globais, estamos prontos para ser seu parceiro de fabrica\u00e7\u00e3o confi\u00e1vel.<br data-start=\"393\" data-end=\"396\" \/><strong data-start=\"396\" data-end=\"449\">Diga-nos o que voc\u00ea precisa \u2014 e vamos fazer acontecer.<\/strong><\/p>\t\t\t\t\t\t\t\t<\/div>\n\t\t\t\t<\/div>\n\t\t\t\t<div class=\"elementor-element elementor-element-05c8ea0 elementor-widget elementor-widget-image\" data-id=\"05c8ea0\" data-element_type=\"widget\" data-e-type=\"widget\" data-widget_type=\"image.default\">\n\t\t\t\t<div class=\"elementor-widget-container\">\n\t\t\t\t\t\t\t\t\t\t\t\t\t\t\t<img alt=\"\" loading=\"lazy\" decoding=\"async\" width=\"800\" height=\"533\" src=\"https:\/\/moonparts.com\/wp-content\/uploads\/2025\/04\/team.webp\" class=\"attachment-large size-large wp-image-233\" srcset=\"https:\/\/moonparts.com\/wp-content\/uploads\/2025\/04\/team.webp 800w, https:\/\/moonparts.com\/wp-content\/uploads\/2025\/04\/team-300x200.webp 300w, https:\/\/moonparts.com\/wp-content\/uploads\/2025\/04\/team-768x512.webp 768w\" sizes=\"(max-width: 800px) 100vw, 800px\" \/>\t\t\t\t\t\t\t\t\t\t\t\t\t\t\t<\/div>\n\t\t\t\t<\/div>\n\t\t\t\t<\/div>\n\t\t<div class=\"elementor-element elementor-element-7580bc2 e-con-full e-flex e-con e-child\" data-id=\"7580bc2\" data-element_type=\"container\" data-e-type=\"container\">\n\t\t<div class=\"elementor-element elementor-element-4488d07 e-con-full e-flex e-con e-child\" data-id=\"4488d07\" data-element_type=\"container\" data-e-type=\"container\" data-settings=\"{&quot;background_background&quot;:&quot;classic&quot;}\">\n\t\t\t\t<div class=\"elementor-element elementor-element-a6ddefe elementor-widget elementor-widget-heading\" data-id=\"a6ddefe\" data-element_type=\"widget\" data-e-type=\"widget\" data-widget_type=\"heading.default\">\n\t\t\t\t<div class=\"elementor-widget-container\">\n\t\t\t\t\t<h4 class=\"elementor-heading-title elementor-size-default\">Entraremos em contato com voc\u00ea o mais breve poss\u00edvel!<\/h4>\t\t\t\t<\/div>\n\t\t\t\t<\/div>\n\t\t\t\t<div class=\"elementor-element elementor-element-6ee151d elementor-widget elementor-widget-text-editor\" data-id=\"6ee151d\" data-element_type=\"widget\" data-e-type=\"widget\" data-widget_type=\"text-editor.default\">\n\t\t\t\t<div class=\"elementor-widget-container\">\n\t\t\t\t\t\t\t\t\t<p>Resposta r\u00e1pida em at\u00e9 1 dia \u00fatil<\/p>\t\t\t\t\t\t\t\t<\/div>\n\t\t\t\t<\/div>\n\t\t\t\t<div class=\"elementor-element elementor-element-54c2d76 elementor-button-align-stretch elementor-widget elementor-widget-form\" data-id=\"54c2d76\" data-element_type=\"widget\" data-e-type=\"widget\" data-settings=\"{&quot;step_next_label&quot;:&quot;Next&quot;,&quot;step_previous_label&quot;:&quot;Previous&quot;,&quot;button_width&quot;:&quot;100&quot;,&quot;step_type&quot;:&quot;number_text&quot;,&quot;step_icon_shape&quot;:&quot;circle&quot;}\" data-widget_type=\"form.default\">\n\t\t\t\t<div class=\"elementor-widget-container\">\n\t\t\t\t\t\t\t<form class=\"elementor-form\" method=\"post\" name=\"New Form\" aria-label=\"Novo formul\u00e1rio\" action=\"\">\n\t\t\t<input type=\"hidden\" name=\"post_id\" value=\"17\"\/>\n\t\t\t<input type=\"hidden\" name=\"form_id\" value=\"54c2d76\"\/>\n\t\t\t<input type=\"hidden\" name=\"referer_title\" value=\"About Us\" \/>\n\n\t\t\t\t\t\t\t<input type=\"hidden\" name=\"queried_id\" value=\"17\"\/>\n\t\t\t\n\t\t\t<div class=\"elementor-form-fields-wrapper elementor-labels-above\">\n\t\t\t\t\t\t\t\t<div class=\"elementor-field-type-text elementor-field-group elementor-column elementor-field-group-name elementor-col-100\">\n\t\t\t\t\t\t\t\t\t\t\t\t<label for=\"form-field-name\" class=\"elementor-field-label\">\n\t\t\t\t\t\t\t\tNome\t\t\t\t\t\t\t<\/label>\n\t\t\t\t\t\t\t\t\t\t\t\t\t\t<input size=\"1\" type=\"text\" name=\"form_fields[name]\" id=\"form-field-name\" class=\"elementor-field elementor-size-md  elementor-field-textual\" placeholder=\"Seu nome\">\n\t\t\t\t\t\t\t\t\t\t\t<\/div>\n\t\t\t\t\t\t\t\t<div class=\"elementor-field-type-email elementor-field-group elementor-column elementor-field-group-email elementor-col-100 elementor-field-required elementor-mark-required\">\n\t\t\t\t\t\t\t\t\t\t\t\t<label for=\"form-field-email\" class=\"elementor-field-label\">\n\t\t\t\t\t\t\t\tE-mail\t\t\t\t\t\t\t<\/label>\n\t\t\t\t\t\t\t\t\t\t\t\t\t\t<input size=\"1\" type=\"email\" name=\"form_fields[email]\" id=\"form-field-email\" class=\"elementor-field elementor-size-md  elementor-field-textual\" placeholder=\"Seu e-mail\" required=\"required\">\n\t\t\t\t\t\t\t\t\t\t\t<\/div>\n\t\t\t\t\t\t\t\t<div class=\"elementor-field-type-textarea elementor-field-group elementor-column elementor-field-group-message elementor-col-100 elementor-field-required elementor-mark-required\">\n\t\t\t\t\t\t\t\t\t\t\t\t<label for=\"form-field-message\" class=\"elementor-field-label\">\n\t\t\t\t\t\t\t\tMensagem\t\t\t\t\t\t\t<\/label>\n\t\t\t\t\t\t<textarea class=\"elementor-field-textual elementor-field  elementor-size-md\" name=\"form_fields[message]\" id=\"form-field-message\" rows=\"4\" placeholder=\"Sua mensagem\" required=\"required\"><\/textarea>\t\t\t\t<\/div>\n\t\t\t\t\t\t\t\t<div class=\"elementor-field-group elementor-column elementor-field-type-submit elementor-col-100 e-form__buttons\">\n\t\t\t\t\t<button class=\"elementor-button elementor-size-sm elementor-animation-grow\" type=\"submit\">\n\t\t\t\t\t\t<span class=\"elementor-button-content-wrapper\">\n\t\t\t\t\t\t\t\t\t\t\t\t\t\t\t\t\t\t\t\t\t\t<span class=\"elementor-button-text\">Enviar<\/span>\n\t\t\t\t\t\t\t\t\t\t\t\t\t<\/span>\n\t\t\t\t\t<\/button>\n\t\t\t\t<\/div>\n\t\t\t<\/div>\n\t\t<input type=\"hidden\" name=\"trp-form-language\" value=\"pt\"\/><\/form>\n\t\t\t\t\t\t<\/div>\n\t\t\t\t<\/div>\n\t\t\t\t<\/div>\n\t\t\t\t<\/div>\n\t\t\t\t<\/div>\n\t\t\t\t\t<\/div>\n\t\t\t\t<\/div>\n\t\t\t\t<\/div>","protected":false},"excerpt":{"rendered":"<p>Who Is MoonParts.com? We\u2019re MoonParts.com, a CNC precision machining team based in Shenzhen, China. Since 2015, we\u2019ve been focused on making high-quality custom parts for global clients. Today, we operate two factories \u2014 one for turning parts and one for milling parts \u2014 each with over 10 years of hands-on experience. Over the years, our [&hellip;]<\/p>","protected":false},"author":1,"featured_media":0,"parent":0,"menu_order":0,"comment_status":"closed","ping_status":"closed","template":"","meta":{"_seopress_robots_primary_cat":"","_seopress_titles_title":"About Us | MoonParts CNC Machining Manufacturer in China","_seopress_titles_desc":"Discover MoonParts, a precision CNC machining manufacturer with 12+ years of experience. High-quality parts, factory pricing, and trusted by global buyers.","_seopress_robots_index":"","_joinchat":[],"footnotes":""},"class_list":["post-17","page","type-page","status-publish","hentry"],"_links":{"self":[{"href":"https:\/\/moonparts.com\/pt\/wp-json\/wp\/v2\/pages\/17","targetHints":{"allow":["GET"]}}],"collection":[{"href":"https:\/\/moonparts.com\/pt\/wp-json\/wp\/v2\/pages"}],"about":[{"href":"https:\/\/moonparts.com\/pt\/wp-json\/wp\/v2\/types\/page"}],"author":[{"embeddable":true,"href":"https:\/\/moonparts.com\/pt\/wp-json\/wp\/v2\/users\/1"}],"replies":[{"embeddable":true,"href":"https:\/\/moonparts.com\/pt\/wp-json\/wp\/v2\/comments?post=17"}],"version-history":[{"count":33,"href":"https:\/\/moonparts.com\/pt\/wp-json\/wp\/v2\/pages\/17\/revisions"}],"predecessor-version":[{"id":1304,"href":"https:\/\/moonparts.com\/pt\/wp-json\/wp\/v2\/pages\/17\/revisions\/1304"}],"wp:attachment":[{"href":"https:\/\/moonparts.com\/pt\/wp-json\/wp\/v2\/media?parent=17"}],"curies":[{"name":"wp","href":"https:\/\/api.w.org\/{rel}","templated":true}]}}