{"id":1559,"date":"2025-10-02T14:40:05","date_gmt":"2025-10-02T06:40:05","guid":{"rendered":"https:\/\/moonparts.com\/?page_id=1559"},"modified":"2025-10-02T16:26:45","modified_gmt":"2025-10-02T08:26:45","slug":"industries","status":"publish","type":"page","link":"https:\/\/moonparts.com\/pt\/industries\/","title":{"rendered":"Ind\u00fastrias"},"content":{"rendered":"<div data-elementor-type=\"wp-page\" data-elementor-id=\"1559\" class=\"elementor elementor-1559\" data-elementor-post-type=\"page\">\n\t\t\t\t<div class=\"elementor-element elementor-element-3f58747 e-flex e-con-boxed e-con e-parent\" data-id=\"3f58747\" data-element_type=\"container\" data-e-type=\"container\">\n\t\t\t\t\t<div class=\"e-con-inner\">\n\t\t\t\t<div class=\"elementor-element elementor-element-e05753d elementor-widget elementor-widget-heading\" data-id=\"e05753d\" data-element_type=\"widget\" data-e-type=\"widget\" data-widget_type=\"heading.default\">\n\t\t\t\t<div class=\"elementor-widget-container\">\n\t\t\t\t\t<h2 class=\"elementor-heading-title elementor-size-default\">Ind\u00fastrias que atendemos<\/h2>\t\t\t\t<\/div>\n\t\t\t\t<\/div>\n\t\t\t\t<div class=\"elementor-element elementor-element-9b92fcb elementor-widget elementor-widget-text-editor\" data-id=\"9b92fcb\" data-element_type=\"widget\" data-e-type=\"widget\" data-widget_type=\"text-editor.default\">\n\t\t\t\t<div class=\"elementor-widget-container\">\n\t\t\t\t\t\t\t\t\t<p>Com a confian\u00e7a de empresas globais, nossos servi\u00e7os de usinagem CNC abrangem aplica\u00e7\u00f5es que v\u00e3o do setor automotivo \u00e0 eletr\u00f4nica. Explore nossas capacidades em a\u00e7\u00e3o nesses setores especializados.<\/p>\t\t\t\t\t\t\t\t<\/div>\n\t\t\t\t<\/div>\n\t\t\t\t\t<\/div>\n\t\t\t\t<\/div>\n\t\t<div class=\"elementor-element elementor-element-a73d383 e-flex e-con-boxed e-con e-parent\" data-id=\"a73d383\" data-element_type=\"container\" data-e-type=\"container\">\n\t\t\t\t\t<div class=\"e-con-inner\">\n\t\t<div class=\"elementor-element elementor-element-937a7dd e-con-full e-flex e-con e-child\" data-id=\"937a7dd\" data-element_type=\"container\" data-e-type=\"container\">\n\t\t<div class=\"elementor-element elementor-element-9ad5ebf e-con-full e-flex e-con e-child\" data-id=\"9ad5ebf\" data-element_type=\"container\" data-e-type=\"container\">\n\t\t\t\t<div class=\"elementor-element elementor-element-133e708 elementor-widget elementor-widget-image\" data-id=\"133e708\" data-element_type=\"widget\" data-e-type=\"widget\" data-widget_type=\"image.default\">\n\t\t\t\t<div class=\"elementor-widget-container\">\n\t\t\t\t\t\t\t\t\t\t\t\t\t\t\t<img alt=\"\" fetchpriority=\"high\" decoding=\"async\" width=\"596\" height=\"398\" src=\"https:\/\/moonparts.com\/wp-content\/uploads\/2025\/06\/industrial-machine-parts.webp\" class=\"attachment-large size-large wp-image-713\" srcset=\"https:\/\/moonparts.com\/wp-content\/uploads\/2025\/06\/industrial-machine-parts.webp 596w, https:\/\/moonparts.com\/wp-content\/uploads\/2025\/06\/industrial-machine-parts-300x200.webp 300w\" sizes=\"(max-width: 596px) 100vw, 596px\" \/>\t\t\t\t\t\t\t\t\t\t\t\t\t\t\t<\/div>\n\t\t\t\t<\/div>\n\t\t\t\t<div class=\"elementor-element elementor-element-44a88a7 elementor-widget elementor-widget-heading\" data-id=\"44a88a7\" data-element_type=\"widget\" data-e-type=\"widget\" data-widget_type=\"heading.default\">\n\t\t\t\t<div class=\"elementor-widget-container\">\n\t\t\t\t\t<h2 class=\"elementor-heading-title elementor-size-default\">Rob\u00f3tica e Automa\u00e7\u00e3o<\/h2>\t\t\t\t<\/div>\n\t\t\t\t<\/div>\n\t\t\t\t<div class=\"elementor-element elementor-element-259f22f elementor-widget elementor-widget-text-editor\" data-id=\"259f22f\" data-element_type=\"widget\" data-e-type=\"widget\" data-widget_type=\"text-editor.default\">\n\t\t\t\t<div class=\"elementor-widget-container\">\n\t\t\t\t\t\t\t\t\t<p>Pe\u00e7as estruturais complexas, suportes e efetores finais personalizados para sistemas rob\u00f3ticos avan\u00e7ados. Nossa expertise em CNC garante precis\u00e3o, confiabilidade e escalabilidade.<\/p>\t\t\t\t\t\t\t\t<\/div>\n\t\t\t\t<\/div>\n\t\t\t\t<\/div>\n\t\t<div class=\"elementor-element elementor-element-cf0874e e-con-full e-flex e-con e-child\" data-id=\"cf0874e\" data-element_type=\"container\" data-e-type=\"container\">\n\t\t\t\t<div class=\"elementor-element elementor-element-6976cd2 elementor-widget elementor-widget-image\" data-id=\"6976cd2\" data-element_type=\"widget\" data-e-type=\"widget\" data-widget_type=\"image.default\">\n\t\t\t\t<div class=\"elementor-widget-container\">\n\t\t\t\t\t\t\t\t\t\t\t\t\t\t\t<img alt=\"\" decoding=\"async\" width=\"800\" height=\"534\" src=\"https:\/\/moonparts.com\/wp-content\/uploads\/2025\/06\/cnc-machined-electronic-enclosures.webp\" class=\"attachment-large size-large wp-image-683\" srcset=\"https:\/\/moonparts.com\/wp-content\/uploads\/2025\/06\/cnc-machined-electronic-enclosures.webp 1000w, https:\/\/moonparts.com\/wp-content\/uploads\/2025\/06\/cnc-machined-electronic-enclosures-300x200.webp 300w, https:\/\/moonparts.com\/wp-content\/uploads\/2025\/06\/cnc-machined-electronic-enclosures-768x512.webp 768w\" sizes=\"(max-width: 800px) 100vw, 800px\" \/>\t\t\t\t\t\t\t\t\t\t\t\t\t\t\t<\/div>\n\t\t\t\t<\/div>\n\t\t\t\t<div class=\"elementor-element elementor-element-4007e3c elementor-widget elementor-widget-heading\" data-id=\"4007e3c\" data-element_type=\"widget\" data-e-type=\"widget\" data-widget_type=\"heading.default\">\n\t\t\t\t<div class=\"elementor-widget-container\">\n\t\t\t\t\t<h2 class=\"elementor-heading-title elementor-size-default\">Eletr\u00f4nicos de consumo<\/h2>\t\t\t\t<\/div>\n\t\t\t\t<\/div>\n\t\t\t\t<div class=\"elementor-element elementor-element-fd46cda elementor-widget elementor-widget-text-editor\" data-id=\"fd46cda\" data-element_type=\"widget\" data-e-type=\"widget\" data-widget_type=\"text-editor.default\">\n\t\t\t\t<div class=\"elementor-widget-container\">\n\t\t\t\t\t\t\t\t\t<p>Gabinetes, conectores e dissipadores de calor de precis\u00e3o para dispositivos de \u00e1udio, v\u00eddeo e inteligentes. A usinagem CNC permite a produ\u00e7\u00e3o em pequenos lotes e a prototipagem r\u00e1pida para lan\u00e7amentos r\u00e1pidos no mercado.<\/p>\t\t\t\t\t\t\t\t<\/div>\n\t\t\t\t<\/div>\n\t\t\t\t<\/div>\n\t\t<div class=\"elementor-element elementor-element-0a460fc e-con-full e-flex e-con e-child\" data-id=\"0a460fc\" data-element_type=\"container\" data-e-type=\"container\">\n\t\t\t\t<div class=\"elementor-element elementor-element-45fce8b elementor-widget elementor-widget-image\" data-id=\"45fce8b\" data-element_type=\"widget\" data-e-type=\"widget\" data-widget_type=\"image.default\">\n\t\t\t\t<div class=\"elementor-widget-container\">\n\t\t\t\t\t\t\t\t\t\t\t\t\t\t\t<img alt=\"\" decoding=\"async\" width=\"800\" height=\"534\" src=\"https:\/\/moonparts.com\/wp-content\/uploads\/2025\/08\/cnc-machined-cross-joint.webp\" class=\"attachment-large size-large wp-image-1255\" srcset=\"https:\/\/moonparts.com\/wp-content\/uploads\/2025\/08\/cnc-machined-cross-joint.webp 1000w, https:\/\/moonparts.com\/wp-content\/uploads\/2025\/08\/cnc-machined-cross-joint-300x200.webp 300w, https:\/\/moonparts.com\/wp-content\/uploads\/2025\/08\/cnc-machined-cross-joint-768x512.webp 768w, https:\/\/moonparts.com\/wp-content\/uploads\/2025\/08\/cnc-machined-cross-joint-18x12.webp 18w\" sizes=\"(max-width: 800px) 100vw, 800px\" \/>\t\t\t\t\t\t\t\t\t\t\t\t\t\t\t<\/div>\n\t\t\t\t<\/div>\n\t\t\t\t<div class=\"elementor-element elementor-element-7e34ac6 elementor-widget elementor-widget-heading\" data-id=\"7e34ac6\" data-element_type=\"widget\" data-e-type=\"widget\" data-widget_type=\"heading.default\">\n\t\t\t\t<div class=\"elementor-widget-container\">\n\t\t\t\t\t<h2 class=\"elementor-heading-title elementor-size-default\">M\u00e1quinas Industriais<\/h2>\t\t\t\t<\/div>\n\t\t\t\t<\/div>\n\t\t\t\t<div class=\"elementor-element elementor-element-7d03aa8 elementor-widget elementor-widget-text-editor\" data-id=\"7d03aa8\" data-element_type=\"widget\" data-e-type=\"widget\" data-widget_type=\"text-editor.default\">\n\t\t\t\t<div class=\"elementor-widget-container\">\n\t\t\t\t\t\t\t\t\t<p>Engrenagens, acess\u00f3rios e alojamentos dur\u00e1veis que mant\u00eam equipamentos pesados operando sem problemas. Fornecemos pe\u00e7as de reposi\u00e7\u00e3o e solu\u00e7\u00f5es personalizadas para atender \u00e0s demandas industriais.<\/p>\t\t\t\t\t\t\t\t<\/div>\n\t\t\t\t<\/div>\n\t\t\t\t<\/div>\n\t\t\t\t<\/div>\n\t\t<div class=\"elementor-element elementor-element-5099fb8 e-con-full e-flex e-con e-child\" data-id=\"5099fb8\" data-element_type=\"container\" data-e-type=\"container\">\n\t\t<div class=\"elementor-element elementor-element-3fdca30 e-con-full e-flex e-con e-child\" data-id=\"3fdca30\" data-element_type=\"container\" data-e-type=\"container\">\n\t\t\t\t<div class=\"elementor-element elementor-element-6080ee1 elementor-widget elementor-widget-image\" data-id=\"6080ee1\" data-element_type=\"widget\" data-e-type=\"widget\" data-widget_type=\"image.default\">\n\t\t\t\t<div class=\"elementor-widget-container\">\n\t\t\t\t\t\t\t\t\t\t\t\t\t\t\t<img alt=\"\" loading=\"lazy\" decoding=\"async\" width=\"596\" height=\"398\" src=\"https:\/\/moonparts.com\/wp-content\/uploads\/2025\/06\/automotive-cnc-components.webp\" class=\"attachment-large size-large wp-image-714\" srcset=\"https:\/\/moonparts.com\/wp-content\/uploads\/2025\/06\/automotive-cnc-components.webp 596w, https:\/\/moonparts.com\/wp-content\/uploads\/2025\/06\/automotive-cnc-components-300x200.webp 300w\" sizes=\"(max-width: 596px) 100vw, 596px\" \/>\t\t\t\t\t\t\t\t\t\t\t\t\t\t\t<\/div>\n\t\t\t\t<\/div>\n\t\t\t\t<div class=\"elementor-element elementor-element-1108249 elementor-widget elementor-widget-heading\" data-id=\"1108249\" data-element_type=\"widget\" data-e-type=\"widget\" data-widget_type=\"heading.default\">\n\t\t\t\t<div class=\"elementor-widget-container\">\n\t\t\t\t\t<h2 class=\"elementor-heading-title elementor-size-default\">Automotivo<\/h2>\t\t\t\t<\/div>\n\t\t\t\t<\/div>\n\t\t\t\t<div class=\"elementor-element elementor-element-f832611 elementor-widget elementor-widget-text-editor\" data-id=\"f832611\" data-element_type=\"widget\" data-e-type=\"widget\" data-widget_type=\"text-editor.default\">\n\t\t\t\t<div class=\"elementor-widget-container\">\n\t\t\t\t\t\t\t\t\t<p>Eixos, carca\u00e7as e pe\u00e7as de motor personalizados com toler\u00e2ncias rigorosas para garantir seguran\u00e7a e desempenho. Da prototipagem \u00e0 produ\u00e7\u00e3o em massa, apoiamos o desenvolvimento r\u00e1pido e flex\u00edvel para a ind\u00fastria automotiva.<\/p>\t\t\t\t\t\t\t\t<\/div>\n\t\t\t\t<\/div>\n\t\t\t\t<\/div>\n\t\t<div class=\"elementor-element elementor-element-4639a35 e-con-full e-flex e-con e-child\" data-id=\"4639a35\" data-element_type=\"container\" data-e-type=\"container\">\n\t\t\t\t<div class=\"elementor-element elementor-element-907bfe5 elementor-widget elementor-widget-image\" data-id=\"907bfe5\" data-element_type=\"widget\" data-e-type=\"widget\" data-widget_type=\"image.default\">\n\t\t\t\t<div class=\"elementor-widget-container\">\n\t\t\t\t\t\t\t\t\t\t\t\t\t\t\t<img alt=\"\" loading=\"lazy\" decoding=\"async\" width=\"596\" height=\"398\" src=\"https:\/\/moonparts.com\/wp-content\/uploads\/2025\/06\/aerospace-cnc-parts.webp\" class=\"attachment-large size-large wp-image-715\" srcset=\"https:\/\/moonparts.com\/wp-content\/uploads\/2025\/06\/aerospace-cnc-parts.webp 596w, https:\/\/moonparts.com\/wp-content\/uploads\/2025\/06\/aerospace-cnc-parts-300x200.webp 300w\" sizes=\"(max-width: 596px) 100vw, 596px\" \/>\t\t\t\t\t\t\t\t\t\t\t\t\t\t\t<\/div>\n\t\t\t\t<\/div>\n\t\t\t\t<div class=\"elementor-element elementor-element-77b0b94 elementor-widget elementor-widget-heading\" data-id=\"77b0b94\" data-element_type=\"widget\" data-e-type=\"widget\" data-widget_type=\"heading.default\">\n\t\t\t\t<div class=\"elementor-widget-container\">\n\t\t\t\t\t<h2 class=\"elementor-heading-title elementor-size-default\">Aeroespacial e Defesa<\/h2>\t\t\t\t<\/div>\n\t\t\t\t<\/div>\n\t\t\t\t<div class=\"elementor-element elementor-element-ced6b65 elementor-widget elementor-widget-text-editor\" data-id=\"ced6b65\" data-element_type=\"widget\" data-e-type=\"widget\" data-widget_type=\"text-editor.default\">\n\t\t\t\t<div class=\"elementor-widget-container\">\n\t\t\t\t\t\t\t\t\t<p>Componentes leves de alum\u00ednio e tit\u00e2nio fabricados para atender aos rigorosos padr\u00f5es aeroespaciais. Nossa usinagem de precis\u00e3o garante confiabilidade em drones, sat\u00e9lites e sistemas de aeronaves.<\/p>\t\t\t\t\t\t\t\t<\/div>\n\t\t\t\t<\/div>\n\t\t\t\t<\/div>\n\t\t<div class=\"elementor-element elementor-element-c40cecf e-con-full e-flex e-con e-child\" data-id=\"c40cecf\" data-element_type=\"container\" data-e-type=\"container\">\n\t\t\t\t<div class=\"elementor-element elementor-element-482ec28 elementor-widget elementor-widget-image\" data-id=\"482ec28\" data-element_type=\"widget\" data-e-type=\"widget\" data-widget_type=\"image.default\">\n\t\t\t\t<div class=\"elementor-widget-container\">\n\t\t\t\t\t\t\t\t\t\t\t\t\t\t\t<img alt=\"\" loading=\"lazy\" decoding=\"async\" width=\"596\" height=\"398\" src=\"https:\/\/moonparts.com\/wp-content\/uploads\/2025\/06\/medical-device-parts.webp\" class=\"attachment-large size-large wp-image-712\" srcset=\"https:\/\/moonparts.com\/wp-content\/uploads\/2025\/06\/medical-device-parts.webp 596w, https:\/\/moonparts.com\/wp-content\/uploads\/2025\/06\/medical-device-parts-300x200.webp 300w\" sizes=\"(max-width: 596px) 100vw, 596px\" \/>\t\t\t\t\t\t\t\t\t\t\t\t\t\t\t<\/div>\n\t\t\t\t<\/div>\n\t\t\t\t<div class=\"elementor-element elementor-element-175a0d3 elementor-widget elementor-widget-heading\" data-id=\"175a0d3\" data-element_type=\"widget\" data-e-type=\"widget\" data-widget_type=\"heading.default\">\n\t\t\t\t<div class=\"elementor-widget-container\">\n\t\t\t\t\t<h2 class=\"elementor-heading-title elementor-size-default\">Dispositivos m\u00e9dicos<\/h2>\t\t\t\t<\/div>\n\t\t\t\t<\/div>\n\t\t\t\t<div class=\"elementor-element elementor-element-00469ab elementor-widget elementor-widget-text-editor\" data-id=\"00469ab\" data-element_type=\"widget\" data-e-type=\"widget\" data-widget_type=\"text-editor.default\">\n\t\t\t\t<div class=\"elementor-widget-container\">\n\t\t\t\t\t\t\t\t\t<p>Pe\u00e7as de a\u00e7o inoxid\u00e1vel e alum\u00ednio para instrumentos cir\u00fargicos e equipamentos de diagn\u00f3stico. Cada componente \u00e9 usinado com rigoroso controle de qualidade para apoiar a inova\u00e7\u00e3o na \u00e1rea da sa\u00fade.<\/p>\t\t\t\t\t\t\t\t<\/div>\n\t\t\t\t<\/div>\n\t\t\t\t<\/div>\n\t\t\t\t<\/div>\n\t\t\t\t\t<\/div>\n\t\t\t\t<\/div>\n\t\t<div class=\"elementor-element elementor-element-67f9d55 e-flex e-con-boxed e-con e-parent\" data-id=\"67f9d55\" data-element_type=\"container\" data-e-type=\"container\">\n\t\t\t\t\t<div class=\"e-con-inner\">\n\t\t<div class=\"elementor-element elementor-element-a2838eb e-con-full e-flex e-con e-child\" data-id=\"a2838eb\" data-element_type=\"container\" data-e-type=\"container\">\n\t\t\t\t<div class=\"elementor-element elementor-element-1184122 elementor-align-center elementor-widget elementor-widget-button\" data-id=\"1184122\" data-element_type=\"widget\" data-e-type=\"widget\" data-widget_type=\"button.default\">\n\t\t\t\t<div class=\"elementor-widget-container\">\n\t\t\t\t\t\t\t\t\t<div class=\"elementor-button-wrapper\">\n\t\t\t\t\t<a class=\"elementor-button elementor-button-link elementor-size-sm elementor-animation-grow\" href=\"#elementor-action%3Aaction%3Dpopup%3Aopen%26settings%3DeyJpZCI6IjgxMCIsInRvZ2dsZSI6ZmFsc2V9\">\n\t\t\t\t\t\t<span class=\"elementor-button-content-wrapper\">\n\t\t\t\t\t\t\t\t\t<span class=\"elementor-button-text\">Citar agora<\/span>\n\t\t\t\t\t<\/span>\n\t\t\t\t\t<\/a>\n\t\t\t\t<\/div>\n\t\t\t\t\t\t\t\t<\/div>\n\t\t\t\t<\/div>\n\t\t\t\t<\/div>\n\t\t\t\t\t<\/div>\n\t\t\t\t<\/div>\n\t\t<div class=\"elementor-element elementor-element-825e47b e-flex e-con-boxed e-con e-parent\" data-id=\"825e47b\" data-element_type=\"container\" data-e-type=\"container\">\n\t\t\t\t\t<div class=\"e-con-inner\">\n\t\t\t\t<div class=\"elementor-element elementor-element-bb0cf06 elementor-widget elementor-widget-heading\" data-id=\"bb0cf06\" data-element_type=\"widget\" data-e-type=\"widget\" data-widget_type=\"heading.default\">\n\t\t\t\t<div class=\"elementor-widget-container\">\n\t\t\t\t\t<h2 class=\"elementor-heading-title elementor-size-default\">Estudos de caso<\/h2>\t\t\t\t<\/div>\n\t\t\t\t<\/div>\n\t\t\t\t<div class=\"elementor-element elementor-element-6589415 elementor-widget elementor-widget-text-editor\" data-id=\"6589415\" data-element_type=\"widget\" data-e-type=\"widget\" data-widget_type=\"text-editor.default\">\n\t\t\t\t<div class=\"elementor-widget-container\">\n\t\t\t\t\t\t\t\t\t<p>A usinagem CNC \u00e9 utilizada em in\u00fameros setores, e recebemos diariamente solicita\u00e7\u00f5es de pe\u00e7as que v\u00e3o desde prot\u00f3tipos simples at\u00e9 componentes altamente complexos. Nos \u00faltimos 13 anos, produzimos milhares de pe\u00e7as de precis\u00e3o para diversas aplica\u00e7\u00f5es, adquirindo profundo conhecimento em materiais, toler\u00e2ncias e desempenho. Mais estudos de caso ser\u00e3o compartilhados aqui em breve \u2014 e se voc\u00ea tiver uma ideia, teremos prazer em ajudar a torn\u00e1-la realidade.<\/p>\t\t\t\t\t\t\t\t<\/div>\n\t\t\t\t<\/div>\n\t\t<div class=\"elementor-element elementor-element-c73059b e-con-full e-flex e-con e-child\" data-id=\"c73059b\" data-element_type=\"container\" data-e-type=\"container\">\n\t\t<div class=\"elementor-element elementor-element-e0f5aff e-con-full e-flex e-con e-child\" data-id=\"e0f5aff\" data-element_type=\"container\" data-e-type=\"container\">\n\t\t\t\t<div class=\"elementor-element elementor-element-a7da008 elementor-widget elementor-widget-image\" data-id=\"a7da008\" data-element_type=\"widget\" data-e-type=\"widget\" data-widget_type=\"image.default\">\n\t\t\t\t<div class=\"elementor-widget-container\">\n\t\t\t\t\t\t\t\t\t\t\t\t\t\t\t<img alt=\"\" loading=\"lazy\" decoding=\"async\" width=\"800\" height=\"534\" src=\"https:\/\/moonparts.com\/wp-content\/uploads\/2025\/06\/anodized-cnc-aluminum-gear-caps.webp\" class=\"attachment-large size-large wp-image-668\" srcset=\"https:\/\/moonparts.com\/wp-content\/uploads\/2025\/06\/anodized-cnc-aluminum-gear-caps.webp 1000w, https:\/\/moonparts.com\/wp-content\/uploads\/2025\/06\/anodized-cnc-aluminum-gear-caps-300x200.webp 300w, https:\/\/moonparts.com\/wp-content\/uploads\/2025\/06\/anodized-cnc-aluminum-gear-caps-768x512.webp 768w\" sizes=\"(max-width: 800px) 100vw, 800px\" \/>\t\t\t\t\t\t\t\t\t\t\t\t\t\t\t<\/div>\n\t\t\t\t<\/div>\n\t\t\t\t<\/div>\n\t\t<div class=\"elementor-element elementor-element-3035942 e-con-full e-flex e-con e-child\" data-id=\"3035942\" data-element_type=\"container\" data-e-type=\"container\">\n\t\t\t\t<div class=\"elementor-element elementor-element-f9eb0fa elementor-widget elementor-widget-image\" data-id=\"f9eb0fa\" data-element_type=\"widget\" data-e-type=\"widget\" data-widget_type=\"image.default\">\n\t\t\t\t<div class=\"elementor-widget-container\">\n\t\t\t\t\t\t\t\t\t\t\t\t\t\t\t<img alt=\"\" loading=\"lazy\" decoding=\"async\" width=\"800\" height=\"534\" src=\"https:\/\/moonparts.com\/wp-content\/uploads\/2025\/06\/cnc-milled-parts-1.webp\" class=\"attachment-large size-large wp-image-728\" srcset=\"https:\/\/moonparts.com\/wp-content\/uploads\/2025\/06\/cnc-milled-parts-1.webp 1000w, https:\/\/moonparts.com\/wp-content\/uploads\/2025\/06\/cnc-milled-parts-1-300x200.webp 300w, https:\/\/moonparts.com\/wp-content\/uploads\/2025\/06\/cnc-milled-parts-1-768x512.webp 768w\" sizes=\"(max-width: 800px) 100vw, 800px\" \/>\t\t\t\t\t\t\t\t\t\t\t\t\t\t\t<\/div>\n\t\t\t\t<\/div>\n\t\t\t\t<\/div>\n\t\t\t\t<\/div>\n\t\t\t\t\t<\/div>\n\t\t\t\t<\/div>\n\t\t<div class=\"elementor-element elementor-element-cec1da8 e-flex e-con-boxed e-con e-parent\" data-id=\"cec1da8\" data-element_type=\"container\" data-e-type=\"container\">\n\t\t\t\t\t<div class=\"e-con-inner\">\n\t\t<div class=\"elementor-element elementor-element-bc215cf e-con-full e-flex e-con e-child\" data-id=\"bc215cf\" data-element_type=\"container\" data-e-type=\"container\">\n\t\t<div class=\"elementor-element elementor-element-606203a e-con-full e-flex e-con e-child\" data-id=\"606203a\" data-element_type=\"container\" data-e-type=\"container\">\n\t\t\t\t<div class=\"elementor-element elementor-element-f29a485 elementor-align-center elementor-widget elementor-widget-button\" data-id=\"f29a485\" data-element_type=\"widget\" data-e-type=\"widget\" data-widget_type=\"button.default\">\n\t\t\t\t<div class=\"elementor-widget-container\">\n\t\t\t\t\t\t\t\t\t<div class=\"elementor-button-wrapper\">\n\t\t\t\t\t<a class=\"elementor-button elementor-button-link elementor-size-sm elementor-animation-grow\" href=\"#elementor-action%3Aaction%3Dpopup%3Aopen%26settings%3DeyJpZCI6IjgxMCIsInRvZ2dsZSI6ZmFsc2V9\">\n\t\t\t\t\t\t<span class=\"elementor-button-content-wrapper\">\n\t\t\t\t\t\t\t\t\t<span class=\"elementor-button-text\">Citar agora<\/span>\n\t\t\t\t\t<\/span>\n\t\t\t\t\t<\/a>\n\t\t\t\t<\/div>\n\t\t\t\t\t\t\t\t<\/div>\n\t\t\t\t<\/div>\n\t\t\t\t<\/div>\n\t\t\t\t<\/div>\n\t\t\t\t\t<\/div>\n\t\t\t\t<\/div>\n\t\t\t\t<\/div>","protected":false},"excerpt":{"rendered":"<p>Industries We Serve Trusted by global companies, our CNC machining services cover applications from automotive to electronics. Explore our capabilities in action across these specialist industries. Robotics &amp; Automation Complex structural parts, brackets, and custom end-effectors for advanced robotic systems. Our CNC expertise ensures precision, reliability, and scalability. Consumer Electronics Precision housings, connectors, and heat [&hellip;]<\/p>","protected":false},"author":2,"featured_media":0,"parent":0,"menu_order":0,"comment_status":"closed","ping_status":"closed","template":"","meta":{"_seopress_robots_primary_cat":"","_seopress_titles_title":"","_seopress_titles_desc":"","_seopress_robots_index":"","_joinchat":[],"footnotes":""},"class_list":["post-1559","page","type-page","status-publish","hentry"],"_links":{"self":[{"href":"https:\/\/moonparts.com\/pt\/wp-json\/wp\/v2\/pages\/1559","targetHints":{"allow":["GET"]}}],"collection":[{"href":"https:\/\/moonparts.com\/pt\/wp-json\/wp\/v2\/pages"}],"about":[{"href":"https:\/\/moonparts.com\/pt\/wp-json\/wp\/v2\/types\/page"}],"author":[{"embeddable":true,"href":"https:\/\/moonparts.com\/pt\/wp-json\/wp\/v2\/users\/2"}],"replies":[{"embeddable":true,"href":"https:\/\/moonparts.com\/pt\/wp-json\/wp\/v2\/comments?post=1559"}],"version-history":[{"count":4,"href":"https:\/\/moonparts.com\/pt\/wp-json\/wp\/v2\/pages\/1559\/revisions"}],"predecessor-version":[{"id":1566,"href":"https:\/\/moonparts.com\/pt\/wp-json\/wp\/v2\/pages\/1559\/revisions\/1566"}],"wp:attachment":[{"href":"https:\/\/moonparts.com\/pt\/wp-json\/wp\/v2\/media?parent=1559"}],"curies":[{"name":"wp","href":"https:\/\/api.w.org\/{rel}","templated":true}]}}