{"id":1277,"date":"2025-08-24T15:10:16","date_gmt":"2025-08-24T07:10:16","guid":{"rendered":"https:\/\/moonparts.com\/?page_id=1277"},"modified":"2025-08-28T22:12:56","modified_gmt":"2025-08-28T14:12:56","slug":"terms-and-conditions","status":"publish","type":"page","link":"https:\/\/moonparts.com\/pt\/terms-and-conditions\/","title":{"rendered":"Termos e Condi\u00e7\u00f5es"},"content":{"rendered":"<div data-elementor-type=\"wp-page\" data-elementor-id=\"1277\" class=\"elementor elementor-1277\" data-elementor-post-type=\"page\">\n\t\t\t\t<div class=\"elementor-element elementor-element-25b26a1 e-flex e-con-boxed e-con e-parent\" data-id=\"25b26a1\" data-element_type=\"container\" data-e-type=\"container\">\n\t\t\t\t\t<div class=\"e-con-inner\">\n\t\t\t\t<div class=\"elementor-element elementor-element-5e9368b elementor-widget elementor-widget-text-editor\" data-id=\"5e9368b\" data-element_type=\"widget\" data-e-type=\"widget\" data-widget_type=\"text-editor.default\">\n\t\t\t\t<div class=\"elementor-widget-container\">\n\t\t\t\t\t\t\t\t\t<p data-start=\"2932\" data-end=\"2988\">Data de vig\u00eancia: 24 de agosto de 2025<\/p><p data-start=\"2990\" data-end=\"3087\">Ao utilizar este site (<a class=\"decorated-link\" href=\"https:\/\/moonparts.com\/pt\/\" target=\"_new\" rel=\"noopener\" data-start=\"3013\" data-end=\"3034\">https:\/\/moonparts.com<\/a>), voc\u00ea concorda com os seguintes termos e condi\u00e7\u00f5es.<\/p><h3 data-start=\"3089\" data-end=\"3112\">1. Uso do site<\/h3><ul data-start=\"3113\" data-end=\"3264\"><li data-start=\"3113\" data-end=\"3198\"><p data-start=\"3115\" data-end=\"3198\">O conte\u00fado \u00e9 fornecido para informa\u00e7\u00f5es gerais sobre nossos servi\u00e7os de usinagem CNC.<\/p><\/li><li data-start=\"3199\" data-end=\"3264\"><p data-start=\"3201\" data-end=\"3264\">Voc\u00ea concorda em n\u00e3o fazer mau uso do site nem interromper sua opera\u00e7\u00e3o.<\/p><\/li><\/ul><h3 data-start=\"3266\" data-end=\"3296\">2. Propriedade Intelectual<\/h3><ul data-start=\"3297\" data-end=\"3478\"><li data-start=\"3297\" data-end=\"3392\"><p data-start=\"3299\" data-end=\"3392\">Todos os textos, imagens e materiais s\u00e3o de propriedade da Moon Global Limited (ou usados com permiss\u00e3o).<\/p><\/li><li data-start=\"3393\" data-end=\"3478\"><p data-start=\"3395\" data-end=\"3478\">Voc\u00ea n\u00e3o pode copiar, reproduzir ou distribuir conte\u00fado sem consentimento pr\u00e9vio por escrito.<\/p><\/li><\/ul><h3 data-start=\"3480\" data-end=\"3504\">3. Cota\u00e7\u00f5es e Pedidos<\/h3><ul data-start=\"3505\" data-end=\"3668\"><li data-start=\"3505\" data-end=\"3584\"><p data-start=\"3507\" data-end=\"3584\">Os or\u00e7amentos s\u00e3o baseados nos desenhos\/informa\u00e7\u00f5es enviados pelo cliente.<\/p><\/li><li data-start=\"3585\" data-end=\"3668\"><p data-start=\"3587\" data-end=\"3668\">Os pre\u00e7os finais e prazos de entrega est\u00e3o sujeitos \u00e0 confirma\u00e7\u00e3o ap\u00f3s revis\u00e3o t\u00e9cnica.<\/p><\/li><\/ul><h3 data-start=\"3670\" data-end=\"3702\">4. Limita\u00e7\u00e3o de responsabilidade<\/h3><ul data-start=\"3703\" data-end=\"3866\"><li data-start=\"3703\" data-end=\"3770\"><p data-start=\"3705\" data-end=\"3770\">N\u00f3s nos esfor\u00e7amos para manter as informa\u00e7\u00f5es precisas, mas n\u00e3o garantimos isso.<\/p><\/li><li data-start=\"3771\" data-end=\"3866\"><p data-start=\"3773\" data-end=\"3866\">N\u00e3o nos responsabilizamos por danos resultantes do uso do site ou da confian\u00e7a em seu conte\u00fado.<\/p><\/li><\/ul><h3 data-start=\"3868\" data-end=\"3890\">5. Lei aplic\u00e1vel<\/h3><ul data-start=\"3891\" data-end=\"3946\"><li data-start=\"3891\" data-end=\"3946\"><p data-start=\"3893\" data-end=\"3946\">Estes Termos ser\u00e3o regidos pelas leis da China.<\/p><\/li><\/ul><h3 data-start=\"3948\" data-end=\"3967\">6. Contate-nos<\/h3><p data-start=\"3968\" data-end=\"4072\">Para quaisquer d\u00favidas sobre estes Termos, entre em contato com:<\/p><p data-start=\"3968\" data-end=\"4072\">Moon Global Limitada<\/p><p data-start=\"3968\" data-end=\"4072\">\u6df1\u5733\u5a01\u5353\u79d1\u6280\u6709\u9650\u516c\u53f8 (Shenzhen Weizhuo Technology Co., Ltd.)<br data-start=\"4042\" data-end=\"4045\" \/>E-mail: <a class=\"decorated-link cursor-pointer\" rel=\"noopener\" data-start=\"4052\" data-end=\"4070\">info@moonparts.com<\/a><\/p>\t\t\t\t\t\t\t\t<\/div>\n\t\t\t\t<\/div>\n\t\t\t\t\t<\/div>\n\t\t\t\t<\/div>\n\t\t\t\t<\/div>","protected":false},"excerpt":{"rendered":"<p>Effective Date: August 24, 2025 By using this website (https:\/\/moonparts.com), you agree to the following terms and conditions. 1. Use of Website The content is provided for general information about our CNC machining services. You agree not to misuse the website or disrupt its operation. 2. Intellectual Property All text, images, and materials are owned [&hellip;]<\/p>","protected":false},"author":2,"featured_media":0,"parent":0,"menu_order":0,"comment_status":"closed","ping_status":"closed","template":"","meta":{"_seopress_robots_primary_cat":"","_seopress_titles_title":"Terms & Conditions | MoonParts CNC Machining Services","_seopress_titles_desc":"Read the terms and conditions of MoonParts. Understand the rules for using our website, requesting CNC machining quotes, and working with our services.","_seopress_robots_index":"","_joinchat":[],"footnotes":""},"class_list":["post-1277","page","type-page","status-publish","hentry"],"_links":{"self":[{"href":"https:\/\/moonparts.com\/pt\/wp-json\/wp\/v2\/pages\/1277","targetHints":{"allow":["GET"]}}],"collection":[{"href":"https:\/\/moonparts.com\/pt\/wp-json\/wp\/v2\/pages"}],"about":[{"href":"https:\/\/moonparts.com\/pt\/wp-json\/wp\/v2\/types\/page"}],"author":[{"embeddable":true,"href":"https:\/\/moonparts.com\/pt\/wp-json\/wp\/v2\/users\/2"}],"replies":[{"embeddable":true,"href":"https:\/\/moonparts.com\/pt\/wp-json\/wp\/v2\/comments?post=1277"}],"version-history":[{"count":11,"href":"https:\/\/moonparts.com\/pt\/wp-json\/wp\/v2\/pages\/1277\/revisions"}],"predecessor-version":[{"id":1352,"href":"https:\/\/moonparts.com\/pt\/wp-json\/wp\/v2\/pages\/1277\/revisions\/1352"}],"wp:attachment":[{"href":"https:\/\/moonparts.com\/pt\/wp-json\/wp\/v2\/media?parent=1277"}],"curies":[{"name":"wp","href":"https:\/\/api.w.org\/{rel}","templated":true}]}}