{"id":1145,"date":"2025-07-18T14:29:41","date_gmt":"2025-07-18T06:29:41","guid":{"rendered":"https:\/\/moonparts.com\/?page_id=1145"},"modified":"2025-08-28T22:09:35","modified_gmt":"2025-08-28T14:09:35","slug":"privacy-policy","status":"publish","type":"page","link":"https:\/\/moonparts.com\/pt\/privacy-policy\/","title":{"rendered":"pol\u00edtica de Privacidade"},"content":{"rendered":"<div data-elementor-type=\"wp-page\" data-elementor-id=\"1145\" class=\"elementor elementor-1145\" data-elementor-post-type=\"page\">\n\t\t\t\t<div class=\"elementor-element elementor-element-f44df09 e-flex e-con-boxed e-con e-parent\" data-id=\"f44df09\" data-element_type=\"container\" data-e-type=\"container\">\n\t\t\t\t\t<div class=\"e-con-inner\">\n\t\t\t\t<div class=\"elementor-element elementor-element-bb27ba4 elementor-widget elementor-widget-heading\" data-id=\"bb27ba4\" data-element_type=\"widget\" data-e-type=\"widget\" data-widget_type=\"heading.default\">\n\t\t\t\t<div class=\"elementor-widget-container\">\n\t\t\t\t\t<h2 class=\"elementor-heading-title elementor-size-default\">pol\u00edtica de Privacidade<\/h2>\t\t\t\t<\/div>\n\t\t\t\t<\/div>\n\t\t\t\t<div class=\"elementor-element elementor-element-055b697 elementor-widget elementor-widget-text-editor\" data-id=\"055b697\" data-element_type=\"widget\" data-e-type=\"widget\" data-widget_type=\"text-editor.default\">\n\t\t\t\t<div class=\"elementor-widget-container\">\n\t\t\t\t\t\t\t\t\t<p data-start=\"269\" data-end=\"368\"><strong data-start=\"299\" data-end=\"318\">Data de vig\u00eancia:<\/strong> 18 de julho de 2025<br data-start=\"332\" data-end=\"335\" \/><strong data-start=\"335\" data-end=\"352\">\u00daltima atualiza\u00e7\u00e3o:<\/strong> 18 de julho de 2025<\/p><p data-start=\"173\" data-end=\"413\">Moon Global Limited e \u6df1\u5733\u5a01\u5353\u79d1\u6280\u6709\u9650\u516c\u53f8 (Shenzhen Weizhuo Technology Co., Ltd.) (\u201cn\u00f3s\u201d, \u201cnos\u201d ou \u201cnosso\u201d) opera o site <a class=\"decorated-link\" href=\"https:\/\/moonparts.com\/pt\/\" target=\"_new\" rel=\"noopener\" data-start=\"237\" data-end=\"258\">https:\/\/moonparts.com<\/a> (o \u201cServi\u00e7o\u201d). Esta Pol\u00edtica de Privacidade explica como coletamos, usamos, divulgamos e protegemos suas informa\u00e7\u00f5es pessoais quando voc\u00ea interage com nosso site.<\/p><p data-start=\"415\" data-end=\"591\">Ao acessar ou utilizar o Servi\u00e7o, voc\u00ea concorda com a coleta e o uso de suas informa\u00e7\u00f5es de acordo com esta Pol\u00edtica. Caso n\u00e3o concorde, por favor, n\u00e3o utilize o Servi\u00e7o.<\/p><h3 data-start=\"593\" data-end=\"624\">1. Informa\u00e7\u00f5es que coletamos<\/h3><p data-start=\"625\" data-end=\"682\">Podemos coletar e processar os seguintes dados pessoais:<\/p><ul data-start=\"683\" data-end=\"936\"><li data-start=\"683\" data-end=\"734\"><p data-start=\"685\" data-end=\"734\">Nome, endere\u00e7o de e-mail, n\u00famero de telefone, nome da empresa<\/p><\/li><li data-start=\"735\" data-end=\"778\"><p data-start=\"737\" data-end=\"778\">Informa\u00e7\u00f5es enviadas por meio de formul\u00e1rios de contato<\/p><\/li><li data-start=\"779\" data-end=\"854\"><p data-start=\"781\" data-end=\"854\">Dados t\u00e9cnicos e de uso (por exemplo, endere\u00e7o IP, tipo de navegador, p\u00e1ginas visitadas)<\/p><\/li><li data-start=\"855\" data-end=\"936\"><p data-start=\"857\" data-end=\"936\">Ferramentas como Google Analytics (GA4), Google Ads e Facebook Pixel (futuro)<\/p><\/li><\/ul><h3 data-start=\"938\" data-end=\"974\">2. Como usamos suas informa\u00e7\u00f5es<\/h3><p data-start=\"975\" data-end=\"1013\">Usamos as informa\u00e7\u00f5es coletadas para:<\/p><ul data-start=\"1014\" data-end=\"1245\"><li data-start=\"1014\" data-end=\"1067\"><p data-start=\"1016\" data-end=\"1067\">Responder a perguntas e fornecer suporte ao cliente<\/p><\/li><li data-start=\"1068\" data-end=\"1121\"><p data-start=\"1070\" data-end=\"1121\">Melhore a funcionalidade do site e a experi\u00eancia do usu\u00e1rio<\/p><\/li><li data-start=\"1122\" data-end=\"1164\"><p data-start=\"1124\" data-end=\"1164\">Analisar o tr\u00e1fego do site e o comportamento do usu\u00e1rio<\/p><\/li><li data-start=\"1165\" data-end=\"1211\"><p data-start=\"1167\" data-end=\"1211\">Entregar e otimizar campanhas publicit\u00e1rias<\/p><\/li><li data-start=\"1212\" data-end=\"1245\"><p data-start=\"1214\" data-end=\"1245\">Cumprir com as obriga\u00e7\u00f5es legais<\/p><\/li><\/ul><h3 data-start=\"1247\" data-end=\"1278\">3. Compartilhamento de informa\u00e7\u00f5es<\/h3><p data-start=\"1279\" data-end=\"1388\">N\u00e3o vendemos suas informa\u00e7\u00f5es pessoais. Podemos compartilhar dados com prestadores de servi\u00e7os terceirizados que nos ajudam a:<\/p><ul data-start=\"1389\" data-end=\"1532\"><li data-start=\"1389\" data-end=\"1438\"><p data-start=\"1391\" data-end=\"1438\">Analisar o uso do site (por exemplo, Google Analytics)<\/p><\/li><li data-start=\"1439\" data-end=\"1495\"><p data-start=\"1441\" data-end=\"1495\">Gerenciar publicidade (por exemplo, Google Ads, Facebook Pixel)<\/p><\/li><li data-start=\"1496\" data-end=\"1532\"><p data-start=\"1498\" data-end=\"1532\">Operar e manter o site<\/p><\/li><\/ul><p data-start=\"1534\" data-end=\"1645\">Essas partes est\u00e3o autorizadas a usar dados somente conforme necess\u00e1rio para nos fornecer servi\u00e7os e devem mant\u00ea-los seguros.<\/p><h3 data-start=\"1647\" data-end=\"1670\">4. Reten\u00e7\u00e3o de dados<\/h3><p data-start=\"1671\" data-end=\"1847\">Retemos dados pessoais apenas pelo tempo necess\u00e1rio (normalmente de 90 dias a 2 anos ap\u00f3s sua \u00faltima intera\u00e7\u00e3o). Alguns dados podem ser armazenados por mais tempo para cumprir com obriga\u00e7\u00f5es legais.<\/p><h3 data-start=\"1849\" data-end=\"1883\">5. Seus direitos (GDPR e CCPA)<\/h3><p data-start=\"1884\" data-end=\"1940\">Dependendo da sua localiza\u00e7\u00e3o, voc\u00ea pode ter o direito de:<\/p><ul data-start=\"1941\" data-end=\"2122\"><li data-start=\"1941\" data-end=\"1980\"><p data-start=\"1943\" data-end=\"1980\">Acesse, atualize ou exclua seus dados<\/p><\/li><li data-start=\"1981\" data-end=\"2013\"><p data-start=\"1983\" data-end=\"2013\">Retirar o consentimento a qualquer momento<\/p><\/li><li data-start=\"2014\" data-end=\"2050\"><p data-start=\"2016\" data-end=\"2050\">Objetar ou restringir o processamento<\/p><\/li><li data-start=\"2051\" data-end=\"2079\"><p data-start=\"2053\" data-end=\"2079\">Solicitar portabilidade de dados<\/p><\/li><li data-start=\"2080\" data-end=\"2122\"><p data-start=\"2082\" data-end=\"2122\">Registre uma reclama\u00e7\u00e3o junto a uma autoridade de dados<\/p><\/li><\/ul><p data-start=\"2124\" data-end=\"2188\">Para exercer seus direitos, entre em contato conosco em <strong data-start=\"2163\" data-end=\"2185\"><a class=\"decorated-link cursor-pointer\" rel=\"noopener\" data-start=\"2165\" data-end=\"2183\">info@moonparts.com<\/a><\/strong>.<\/p><h3 data-start=\"2190\" data-end=\"2232\">6. Cookies e tecnologias de rastreamento<\/h3><p data-start=\"2233\" data-end=\"2253\">Utilizamos cookies para:<\/p><ul data-start=\"2254\" data-end=\"2378\"><li data-start=\"2254\" data-end=\"2286\"><p data-start=\"2256\" data-end=\"2286\">Garantir a funcionalidade do site<\/p><\/li><li data-start=\"2287\" data-end=\"2308\"><p data-start=\"2289\" data-end=\"2308\">Prefer\u00eancias da loja<\/p><\/li><li data-start=\"2309\" data-end=\"2332\"><p data-start=\"2311\" data-end=\"2332\">Analisar desempenho<\/p><\/li><li data-start=\"2333\" data-end=\"2378\"><p data-start=\"2335\" data-end=\"2378\">Apoiar campanhas de remarketing\/publicidade<\/p><\/li><\/ul><p data-start=\"2380\" data-end=\"2488\">Voc\u00ea pode gerenciar os cookies nas configura\u00e7\u00f5es do seu navegador. O bloqueio de cookies pode afetar determinados recursos do site.<\/p><h3 data-start=\"2490\" data-end=\"2512\">7. Seguran\u00e7a de dados<\/h3><p data-start=\"2513\" data-end=\"2644\">Utilizamos salvaguardas razo\u00e1veis, incluindo criptografia e acesso limitado. No entanto, nenhum m\u00e9todo de transmiss\u00e3o pela internet \u00e9 100% seguro.<\/p><h3 data-start=\"2646\" data-end=\"2677\">8. Altera\u00e7\u00f5es a esta Pol\u00edtica<\/h3><p data-start=\"2678\" data-end=\"2769\">Podemos atualizar esta Pol\u00edtica periodicamente. A vers\u00e3o mais recente estar\u00e1 sempre dispon\u00edvel aqui.<\/p><h3 data-start=\"2771\" data-end=\"2790\">9. Contate-nos<\/h3><p data-start=\"2791\" data-end=\"2892\">Moon Global Limitada<br \/>\u6df1\u5733\u5a01\u5353\u79d1\u6280\u6709\u9650\u516c\u53f8 (Shenzhen Weizhuo Technology Co., Ltd.)<br data-start=\"2810\" data-end=\"2813\" \/>E-mail: <a class=\"decorated-link cursor-pointer\" rel=\"noopener\" data-start=\"2820\" data-end=\"2838\">info@moonparts.com<\/a><br data-start=\"2838\" data-end=\"2841\" \/>Endere\u00e7o: Shenzhen, China<br data-start=\"2865\" data-end=\"2868\" \/>Telefone: +86 13590108052<\/p>\t\t\t\t\t\t\t\t<\/div>\n\t\t\t\t<\/div>\n\t\t\t\t\t<\/div>\n\t\t\t\t<\/div>\n\t\t\t\t<\/div>","protected":false},"excerpt":{"rendered":"<p>Privacy Policy Effective Date: July 18, 2025Last Updated: July 18, 2025 Moon Global Limited and and \u6df1\u5733\u5a01\u5353\u79d1\u6280\u6709\u9650\u516c\u53f8 (Shenzhen Weizhuo Technology Co., Ltd.)\u00a0(\u201cwe\u201d, \u201cus\u201d, or \u201cour\u201d) operates the website https:\/\/moonparts.com (the \u201cService\u201d). This Privacy Policy explains how we collect, use, disclose, and safeguard your personal information when you interact with our website. By accessing or using [&hellip;]<\/p>","protected":false},"author":2,"featured_media":0,"parent":0,"menu_order":0,"comment_status":"closed","ping_status":"closed","template":"","meta":{"_seopress_robots_primary_cat":"","_seopress_titles_title":"Privacy Policy | MoonParts CNC Machining Services","_seopress_titles_desc":"Read MoonParts\u2019 privacy policy. Learn how we collect, use, and protect your information when you request CNC machining quotes or contact our team.","_seopress_robots_index":"","_joinchat":[],"footnotes":""},"class_list":["post-1145","page","type-page","status-publish","hentry"],"_links":{"self":[{"href":"https:\/\/moonparts.com\/pt\/wp-json\/wp\/v2\/pages\/1145","targetHints":{"allow":["GET"]}}],"collection":[{"href":"https:\/\/moonparts.com\/pt\/wp-json\/wp\/v2\/pages"}],"about":[{"href":"https:\/\/moonparts.com\/pt\/wp-json\/wp\/v2\/types\/page"}],"author":[{"embeddable":true,"href":"https:\/\/moonparts.com\/pt\/wp-json\/wp\/v2\/users\/2"}],"replies":[{"embeddable":true,"href":"https:\/\/moonparts.com\/pt\/wp-json\/wp\/v2\/comments?post=1145"}],"version-history":[{"count":12,"href":"https:\/\/moonparts.com\/pt\/wp-json\/wp\/v2\/pages\/1145\/revisions"}],"predecessor-version":[{"id":1344,"href":"https:\/\/moonparts.com\/pt\/wp-json\/wp\/v2\/pages\/1145\/revisions\/1344"}],"wp:attachment":[{"href":"https:\/\/moonparts.com\/pt\/wp-json\/wp\/v2\/media?parent=1145"}],"curies":[{"name":"wp","href":"https:\/\/api.w.org\/{rel}","templated":true}]}}