{"id":1145,"date":"2025-07-18T14:29:41","date_gmt":"2025-07-18T06:29:41","guid":{"rendered":"https:\/\/moonparts.com\/?page_id=1145"},"modified":"2025-08-28T22:09:35","modified_gmt":"2025-08-28T14:09:35","slug":"privacy-policy","status":"publish","type":"page","link":"https:\/\/moonparts.com\/es\/privacy-policy\/","title":{"rendered":"pol\u00edtica de privacidad"},"content":{"rendered":"<div data-elementor-type=\"wp-page\" data-elementor-id=\"1145\" class=\"elementor elementor-1145\" data-elementor-post-type=\"page\">\n\t\t\t\t<div class=\"elementor-element elementor-element-f44df09 e-flex e-con-boxed e-con e-parent\" data-id=\"f44df09\" data-element_type=\"container\" data-e-type=\"container\">\n\t\t\t\t\t<div class=\"e-con-inner\">\n\t\t\t\t<div class=\"elementor-element elementor-element-bb27ba4 elementor-widget elementor-widget-heading\" data-id=\"bb27ba4\" data-element_type=\"widget\" data-e-type=\"widget\" data-widget_type=\"heading.default\">\n\t\t\t\t<div class=\"elementor-widget-container\">\n\t\t\t\t\t<h2 class=\"elementor-heading-title elementor-size-default\">pol\u00edtica de privacidad<\/h2>\t\t\t\t<\/div>\n\t\t\t\t<\/div>\n\t\t\t\t<div class=\"elementor-element elementor-element-055b697 elementor-widget elementor-widget-text-editor\" data-id=\"055b697\" data-element_type=\"widget\" data-e-type=\"widget\" data-widget_type=\"text-editor.default\">\n\t\t\t\t<div class=\"elementor-widget-container\">\n\t\t\t\t\t\t\t\t\t<p data-start=\"269\" data-end=\"368\"><strong data-start=\"299\" data-end=\"318\">Fecha de entrada en vigor:<\/strong> 18 de julio de 2025<br data-start=\"332\" data-end=\"335\" \/><strong data-start=\"335\" data-end=\"352\">\u00daltima actualizaci\u00f3n:<\/strong> 18 de julio de 2025<\/p><p data-start=\"173\" data-end=\"413\">Moon Global Limited y \u6df1\u5733\u5a01\u5353\u79d1\u6280\u6709\u9650\u516c\u53f8 (Shenzhen Weizhuo Technology Co., Ltd.) (&quot;nosotros&quot;, &quot;nos&quot; o &quot;nuestro&quot;) opera el sitio web <a class=\"decorated-link\" href=\"https:\/\/moonparts.com\/es\/\" target=\"_new\" rel=\"noopener\" data-start=\"237\" data-end=\"258\">https:\/\/moonparts.com<\/a> (el \u00abServicio\u00bb). Esta Pol\u00edtica de Privacidad explica c\u00f3mo recopilamos, usamos, divulgamos y protegemos su informaci\u00f3n personal cuando interact\u00faa con nuestro sitio web.<\/p><p data-start=\"415\" data-end=\"591\">Al acceder o utilizar el Servicio, usted acepta la recopilaci\u00f3n y el uso de su informaci\u00f3n de acuerdo con esta Pol\u00edtica. Si no est\u00e1 de acuerdo, le rogamos que no utilice el Servicio.<\/p><h3 data-start=\"593\" data-end=\"624\">1. Informaci\u00f3n que recopilamos<\/h3><p data-start=\"625\" data-end=\"682\">Podemos recopilar y procesar los siguientes datos personales:<\/p><ul data-start=\"683\" data-end=\"936\"><li data-start=\"683\" data-end=\"734\"><p data-start=\"685\" data-end=\"734\">Nombre, direcci\u00f3n de correo electr\u00f3nico, n\u00famero de tel\u00e9fono, nombre de la empresa<\/p><\/li><li data-start=\"735\" data-end=\"778\"><p data-start=\"737\" data-end=\"778\">Informaci\u00f3n enviada a trav\u00e9s de formularios de contacto<\/p><\/li><li data-start=\"779\" data-end=\"854\"><p data-start=\"781\" data-end=\"854\">Datos t\u00e9cnicos y de uso (por ejemplo, direcci\u00f3n IP, tipo de navegador, p\u00e1ginas visitadas)<\/p><\/li><li data-start=\"855\" data-end=\"936\"><p data-start=\"857\" data-end=\"936\">Herramientas como Google Analytics (GA4), Google Ads y Facebook Pixel (futuro)<\/p><\/li><\/ul><h3 data-start=\"938\" data-end=\"974\">2. C\u00f3mo usamos su informaci\u00f3n<\/h3><p data-start=\"975\" data-end=\"1013\">Utilizamos la informaci\u00f3n recopilada para:<\/p><ul data-start=\"1014\" data-end=\"1245\"><li data-start=\"1014\" data-end=\"1067\"><p data-start=\"1016\" data-end=\"1067\">Responder consultas y brindar asistencia al cliente.<\/p><\/li><li data-start=\"1068\" data-end=\"1121\"><p data-start=\"1070\" data-end=\"1121\">Mejorar la funcionalidad del sitio web y la experiencia del usuario<\/p><\/li><li data-start=\"1122\" data-end=\"1164\"><p data-start=\"1124\" data-end=\"1164\">Analizar el tr\u00e1fico del sitio y el comportamiento del usuario<\/p><\/li><li data-start=\"1165\" data-end=\"1211\"><p data-start=\"1167\" data-end=\"1211\">Entregar y optimizar campa\u00f1as publicitarias<\/p><\/li><li data-start=\"1212\" data-end=\"1245\"><p data-start=\"1214\" data-end=\"1245\">Cumplir con las obligaciones legales<\/p><\/li><\/ul><h3 data-start=\"1247\" data-end=\"1278\">3. Intercambio de informaci\u00f3n<\/h3><p data-start=\"1279\" data-end=\"1388\">No vendemos su informaci\u00f3n personal. Podemos compartir datos con proveedores de servicios externos que nos ayudan a:<\/p><ul data-start=\"1389\" data-end=\"1532\"><li data-start=\"1389\" data-end=\"1438\"><p data-start=\"1391\" data-end=\"1438\">Analizar el uso del sitio web (por ejemplo, Google Analytics)<\/p><\/li><li data-start=\"1439\" data-end=\"1495\"><p data-start=\"1441\" data-end=\"1495\">Administrar publicidad (por ejemplo, Google Ads, Facebook Pixel)<\/p><\/li><li data-start=\"1496\" data-end=\"1532\"><p data-start=\"1498\" data-end=\"1532\">Operar y mantener el sitio web<\/p><\/li><\/ul><p data-start=\"1534\" data-end=\"1645\">Estas partes est\u00e1n autorizadas a utilizar los datos \u00fanicamente en la medida que sea necesario para prestarnos servicios y deben mantenerlos seguros.<\/p><h3 data-start=\"1647\" data-end=\"1670\">4. Retenci\u00f3n de datos<\/h3><p data-start=\"1671\" data-end=\"1847\">Conservamos sus datos personales solo el tiempo necesario (normalmente, entre 90 d\u00edas y 2 a\u00f1os despu\u00e9s de su \u00faltima interacci\u00f3n). Algunos datos podr\u00edan conservarse durante m\u00e1s tiempo para cumplir con obligaciones legales.<\/p><h3 data-start=\"1849\" data-end=\"1883\">5. Sus derechos (RGPD y CCPA)<\/h3><p data-start=\"1884\" data-end=\"1940\">Dependiendo de su ubicaci\u00f3n, usted puede tener derecho a:<\/p><ul data-start=\"1941\" data-end=\"2122\"><li data-start=\"1941\" data-end=\"1980\"><p data-start=\"1943\" data-end=\"1980\">Acceder, actualizar o eliminar sus datos<\/p><\/li><li data-start=\"1981\" data-end=\"2013\"><p data-start=\"1983\" data-end=\"2013\">Retirar el consentimiento en cualquier momento<\/p><\/li><li data-start=\"2014\" data-end=\"2050\"><p data-start=\"2016\" data-end=\"2050\">Oponerse o restringir el procesamiento<\/p><\/li><li data-start=\"2051\" data-end=\"2079\"><p data-start=\"2053\" data-end=\"2079\">Solicitar portabilidad de datos<\/p><\/li><li data-start=\"2080\" data-end=\"2122\"><p data-start=\"2082\" data-end=\"2122\">Presentar una queja ante una autoridad de datos<\/p><\/li><\/ul><p data-start=\"2124\" data-end=\"2188\">Para ejercer sus derechos, cont\u00e1ctenos en <strong data-start=\"2163\" data-end=\"2185\"><a class=\"decorated-link cursor-pointer\" rel=\"noopener\" data-start=\"2165\" data-end=\"2183\">info@moonparts.com<\/a><\/strong>.<\/p><h3 data-start=\"2190\" data-end=\"2232\">6. Cookies y tecnolog\u00edas de seguimiento<\/h3><p data-start=\"2233\" data-end=\"2253\">Utilizamos cookies para:<\/p><ul data-start=\"2254\" data-end=\"2378\"><li data-start=\"2254\" data-end=\"2286\"><p data-start=\"2256\" data-end=\"2286\">Garantizar la funcionalidad del sitio web<\/p><\/li><li data-start=\"2287\" data-end=\"2308\"><p data-start=\"2289\" data-end=\"2308\">Preferencias de la tienda<\/p><\/li><li data-start=\"2309\" data-end=\"2332\"><p data-start=\"2311\" data-end=\"2332\">Analizar el rendimiento<\/p><\/li><li data-start=\"2333\" data-end=\"2378\"><p data-start=\"2335\" data-end=\"2378\">Apoyar campa\u00f1as de remarketing\/publicidad<\/p><\/li><\/ul><p data-start=\"2380\" data-end=\"2488\">Puede administrar las cookies en la configuraci\u00f3n de su navegador. Bloquear las cookies puede afectar ciertas funciones del sitio.<\/p><h3 data-start=\"2490\" data-end=\"2512\">7. Seguridad de los datos<\/h3><p data-start=\"2513\" data-end=\"2644\">Utilizamos medidas de seguridad razonables, como cifrado y acceso limitado. Sin embargo, ning\u00fan m\u00e9todo de transmisi\u00f3n por Internet es seguro.<\/p><h3 data-start=\"2646\" data-end=\"2677\">8. Cambios a esta Pol\u00edtica<\/h3><p data-start=\"2678\" data-end=\"2769\">Podemos actualizar esta Pol\u00edtica peri\u00f3dicamente. La \u00faltima versi\u00f3n siempre estar\u00e1 disponible aqu\u00ed.<\/p><h3 data-start=\"2771\" data-end=\"2790\">9. Cont\u00e1ctenos<\/h3><p data-start=\"2791\" data-end=\"2892\">Moon Global Limited<br \/>\u6df1\u5733\u5a01\u5353\u79d1\u6280\u6709\u9650\u516c\u53f8 (Shenzhen Weizhuo Technology Co., Ltd.)<br data-start=\"2810\" data-end=\"2813\" \/>Correo electr\u00f3nico: <a class=\"decorated-link cursor-pointer\" rel=\"noopener\" data-start=\"2820\" data-end=\"2838\">info@moonparts.com<\/a><br data-start=\"2838\" data-end=\"2841\" \/>Direcci\u00f3n: Shenzhen, China<br data-start=\"2865\" data-end=\"2868\" \/>Tel\u00e9fono: +86 13590108052<\/p>\t\t\t\t\t\t\t\t<\/div>\n\t\t\t\t<\/div>\n\t\t\t\t\t<\/div>\n\t\t\t\t<\/div>\n\t\t\t\t<\/div>","protected":false},"excerpt":{"rendered":"<p>Privacy Policy Effective Date: July 18, 2025Last Updated: July 18, 2025 Moon Global Limited and and \u6df1\u5733\u5a01\u5353\u79d1\u6280\u6709\u9650\u516c\u53f8 (Shenzhen Weizhuo Technology Co., Ltd.)\u00a0(\u201cwe\u201d, \u201cus\u201d, or \u201cour\u201d) operates the website https:\/\/moonparts.com (the \u201cService\u201d). This Privacy Policy explains how we collect, use, disclose, and safeguard your personal information when you interact with our website. By accessing or using [&hellip;]<\/p>","protected":false},"author":2,"featured_media":0,"parent":0,"menu_order":0,"comment_status":"closed","ping_status":"closed","template":"","meta":{"_seopress_robots_primary_cat":"","_seopress_titles_title":"Privacy Policy | MoonParts CNC Machining Services","_seopress_titles_desc":"Read MoonParts\u2019 privacy policy. Learn how we collect, use, and protect your information when you request CNC machining quotes or contact our team.","_seopress_robots_index":"","_joinchat":[],"footnotes":""},"class_list":["post-1145","page","type-page","status-publish","hentry"],"_links":{"self":[{"href":"https:\/\/moonparts.com\/es\/wp-json\/wp\/v2\/pages\/1145","targetHints":{"allow":["GET"]}}],"collection":[{"href":"https:\/\/moonparts.com\/es\/wp-json\/wp\/v2\/pages"}],"about":[{"href":"https:\/\/moonparts.com\/es\/wp-json\/wp\/v2\/types\/page"}],"author":[{"embeddable":true,"href":"https:\/\/moonparts.com\/es\/wp-json\/wp\/v2\/users\/2"}],"replies":[{"embeddable":true,"href":"https:\/\/moonparts.com\/es\/wp-json\/wp\/v2\/comments?post=1145"}],"version-history":[{"count":12,"href":"https:\/\/moonparts.com\/es\/wp-json\/wp\/v2\/pages\/1145\/revisions"}],"predecessor-version":[{"id":1344,"href":"https:\/\/moonparts.com\/es\/wp-json\/wp\/v2\/pages\/1145\/revisions\/1344"}],"wp:attachment":[{"href":"https:\/\/moonparts.com\/es\/wp-json\/wp\/v2\/media?parent=1145"}],"curies":[{"name":"wp","href":"https:\/\/api.w.org\/{rel}","templated":true}]}}